{"id":1240,"date":"2021-05-13T21:25:45","date_gmt":"2021-05-13T21:25:45","guid":{"rendered":"http:\/\/cnachieti.eu\/demo\/?page_id=1240"},"modified":"2021-05-13T23:43:03","modified_gmt":"2021-05-13T23:43:03","slug":"servizi-alla-persona","status":"publish","type":"page","link":"https:\/\/cnachieti.eu\/?page_id=1240","title":{"rendered":"Servizi alla Persona"},"content":{"rendered":"<p><img decoding=\"async\" src=\"\/demo\/wp-content\/uploads\/2021\/05\/CNA-CAF-Pisa-1030x470-1.jpg\" alt=\"\"><\/p>\n<h1><a href=\"https:\/\/www.pensionati.cna.it\">Cna Pensionati<\/a><\/h1>\n<div>\n<p><strong>CNA Pensionati<\/strong> \u00e8 il sindacato promosso dalla CNA (Confederazione Nazionale dell&#8217;Artigianato <br \/>e della Piccola e Media Impresa) per la tutela e la salvaguardia degli interessi degli anziani.<br \/>La CNA Pensionati associa i pensionati di tutte le categorie ed \u00e8 l&#8217;organizzazione pi\u00f9 rappresentativa<br \/>tra quelle che hanno a riferimento il mondo dell&#8217;artigianato.<br \/>La CNA Pensionati sviluppa politiche ed azioni a livello nazionale e locale per la difesa dello<br \/>Stato Sociale e per la rappresentanza degli interessi degli anziani nei confronti del Governo<br \/>centrale, degli Istituti pubblici, delle Regioni, degli Enti locali.<\/p>\n<\/div>\n<h1><a href=\"https:\/\/www.caf.cna.it\">Caf Cna<\/a><\/h1>\n<div>\n<p>II <strong>CAF CNA srl<\/strong> \u00e8 il Centro Assistenza Fiscale dipendenti e pensionati costituito<br \/>dalla Confederazione Nazionale dell&#8217;Artigianato e della Piccola Impresa &#8211; CNA &#8211;<br \/>regolarmente iscritto all&#8217;Albo dei CAF con decreto del 31 marzo 1993 del Ministro delle Finanze.<br \/>I servizi di assistenza erogati dal CAF CNA riguardano:<\/p>\n<ul>\n<li>Dichiarazione dei redditi Modello 730<\/li>\n<li>IMU &#8211; Dichiarazione, calcolo e predisposizione bollettini<\/li>\n<li>Dichiarazioni RED\/INPS<\/li>\n<li>Certificazioni ISEE<\/li>\n<li>Certificazioni ISEU (ISE Universitaria)<\/li>\n<li>Certificazione e calcolo per Assegno Nucleo familiare<\/li>\n<li>Certificazione e calcolo per Assegno di Maternit\u00e0<\/li>\n<\/ul>\n<\/div>\n<h1><a href=\"https:\/\/www.epasa-itaco.it\">Epasa Itaco<\/a><\/h1>\n<div>\n<p><strong>EPASA<\/strong> \u00e8 il patronato della CNA per la tutela sociale a favore di artigiani e di dipendenti,<br \/>delle loro famiglie, dei cittadini. I suoi esperti Vi assisteranno gratuitamente per ogni<br \/>esigenza in materia previdenziale assicurativa prevista dalla legge sui patronati:<\/p>\n<ul>\n<li>Verifica controllo e gestione completa della posizione assicurativa<\/li>\n<li>Calcolo previsionale della pensione<\/li>\n<li>Pensioni di vecchiaia, invalidit\u00e0, anzianit\u00e0, inabilit\u00e0, sociale,<br \/>reversibilit\u00e0, superstiti (sia in Italia che all&#8217;estero)<\/li>\n<li>Ricostituzioni, maggiorazione e supplemento di pensione<\/li>\n<li>Infortuni e malattie professionali<\/li>\n<li>Riconoscimento degli eventi contestati dall&#8221;INAIL<\/li>\n<li>Richiesta indennit\u00e0 per inabilit\u00e0 temporanea<\/li>\n<li>Valutazione postumi permanenti e richiesta per riconoscimento rendite<br \/>(per inabilit\u00e0 permanente, per morte, in sede di revisione)<\/li>\n<li>Riconoscimento invalidit\u00e0 civile ed accompagnamento<\/li>\n<li>Richiesta di tutte le prestazioni sociali acquisite o da acquisire<br \/>nell&#8217;ambito dell&#8217;Unione Europea, USA, Australia, Canada<\/li>\n<li>Accertamento e recupero di periodi assicurativi maturati all&#8217;estero.<\/li>\n<\/ul>\n<\/div>\n<p><!--more--><br \/>\n<!-- {\"type\":\"layout\",\"children\":[{\"type\":\"section\",\"props\":{\"style\":\"default\",\"width\":\"default\",\"vertical_align\":\"middle\",\"title_position\":\"top-left\",\"title_rotation\":\"left\",\"title_breakpoint\":\"xl\",\"image_position\":\"center-center\"},\"children\":[{\"type\":\"row\",\"children\":[{\"type\":\"column\",\"props\":{\"image_position\":\"center-center\",\"media_overlay_gradient\":\"\"},\"children\":[{\"type\":\"image\",\"props\":{\"margin\":\"default\",\"image_svg_color\":\"emphasis\",\"image\":\"wp-content\\\/uploads\\\/2021\\\/05\\\/CNA-CAF-Pisa-1030x470-1.jpg\"}},{\"type\":\"headline\",\"props\":{\"title_element\":\"h1\",\"content\":\"<a href=\\\"https:\\\/\\\/www.pensionati.cna.it\\\">Cna Pensionati<\\\/a>\",\"title_decoration\":\"bullet\",\"title_color\":\"secondary\"}},{\"type\":\"text\",\"props\":{\"margin\":\"default\",\"column_breakpoint\":\"m\",\"content\":\"\n\n<p><strong>CNA Pensionati<\\\/strong> \\u00e8 il sindacato promosso dalla CNA (Confederazione Nazionale dell'Artigianato <br \\\/>e della Piccola e Media Impresa) per la tutela e la salvaguardia degli interessi degli anziani.<br \\\/>La CNA Pensionati associa i pensionati di tutte le categorie ed \\u00e8 l'organizzazione pi\\u00f9 rappresentativa<br \\\/>tra quelle che hanno a riferimento il mondo dell'artigianato.<br \\\/>La CNA Pensionati sviluppa politiche ed azioni a livello nazionale e locale per la difesa dello<br \\\/>Stato Sociale e per la rappresentanza degli interessi degli anziani nei confronti del Governo<br \\\/>centrale, degli Istituti pubblici, delle Regioni, degli Enti locali.<\\\/p>\"}},{\"type\":\"headline\",\"props\":{\"title_element\":\"h1\",\"content\":\"<a href=\\\"https:\\\/\\\/www.caf.cna.it\\\">Caf Cna<\\\/a>\",\"title_decoration\":\"bullet\",\"title_color\":\"secondary\"}},{\"type\":\"text\",\"props\":{\"margin\":\"default\",\"column_breakpoint\":\"m\",\"content\":\"\n\n<p>II <strong>CAF CNA srl<\\\/strong> \\u00e8 il Centro Assistenza Fiscale dipendenti e pensionati costituito<br \\\/>dalla Confederazione Nazionale dell'Artigianato e della Piccola Impresa - CNA -<br \\\/>regolarmente iscritto all'Albo dei CAF con decreto del 31 marzo 1993 del Ministro delle Finanze.<br \\\/>I servizi di assistenza erogati dal CAF CNA riguardano:<\\\/p>\\n\n\n<ul>\\n\n\n<li>Dichiarazione dei redditi Modello 730<\\\/li>\\n\n\n<li>IMU - Dichiarazione, calcolo e predisposizione bollettini<\\\/li>\\n\n\n<li>Dichiarazioni RED\\\/INPS<\\\/li>\\n\n\n<li>Certificazioni ISEE<\\\/li>\\n\n\n<li>Certificazioni ISEU (ISE Universitaria)<\\\/li>\\n\n\n<li>Certificazione e calcolo per Assegno Nucleo familiare<\\\/li>\\n\n\n<li>Certificazione e calcolo per Assegno di Maternit\\u00e0<\\\/li>\\n<\\\/ul>\"}},{\"type\":\"headline\",\"props\":{\"title_element\":\"h1\",\"content\":\"<a href=\\\"https:\\\/\\\/www.epasa-itaco.it\\\">Epasa Itaco<\\\/a>\",\"title_decoration\":\"bullet\",\"title_color\":\"secondary\"}},{\"type\":\"text\",\"props\":{\"margin\":\"default\",\"column_breakpoint\":\"m\",\"content\":\"\n\n<p><strong>EPASA<\\\/strong> \\u00e8 il patronato della CNA per la tutela sociale a favore di artigiani e di dipendenti,<br \\\/>delle loro famiglie, dei cittadini. I suoi esperti Vi assisteranno gratuitamente per ogni<br \\\/>esigenza in materia previdenziale assicurativa prevista dalla legge sui patronati:<\\\/p>\\n\n\n<ul>\\n\n\n<li>Verifica controllo e gestione completa della posizione assicurativa<\\\/li>\\n\n\n<li>Calcolo previsionale della pensione<\\\/li>\\n\n\n<li>Pensioni di vecchiaia, invalidit\\u00e0, anzianit\\u00e0, inabilit\\u00e0, sociale,<br \\\/>reversibilit\\u00e0, superstiti (sia in Italia che all'estero)<\\\/li>\\n\n\n<li>Ricostituzioni, maggiorazione e supplemento di pensione<\\\/li>\\n\n\n<li>Infortuni e malattie professionali<\\\/li>\\n\n\n<li>Riconoscimento degli eventi contestati dall\\\"INAIL<\\\/li>\\n\n\n<li>Richiesta indennit\\u00e0 per inabilit\\u00e0 temporanea<\\\/li>\\n\n\n<li>Valutazione postumi permanenti e richiesta per riconoscimento rendite<br \\\/>(per inabilit\\u00e0 permanente, per morte, in sede di revisione)<\\\/li>\\n\n\n<li>Riconoscimento invalidit\\u00e0 civile ed accompagnamento<\\\/li>\\n\n\n<li>Richiesta di tutte le prestazioni sociali acquisite o da acquisire<br \\\/>nell'ambito dell'Unione Europea, USA, Australia, Canada<\\\/li>\\n\n\n<li>Accertamento e recupero di periodi assicurativi maturati all'estero.<\\\/li>\\n<\\\/ul>\"}}]}]}],\"modified\":\"2021-05-13T22:08:40.511Z\",\"name\":\"pagina base\"}],\"version\":\"2.4.14\"} --><\/p>\n","protected":false},"excerpt":{"rendered":"<p>Cna Pensionati CNA Pensionati \u00e8 il sindacato promosso dalla CNA (Confederazione Nazionale dell&#8217;Artigianato e della Piccola e Media Impresa) per la tutela e la salvaguardia degli interessi degli anziani.La CNA Pensionati associa i pensionati di tutte le categorie ed \u00e8 l&#8217;organizzazione pi\u00f9 rappresentativatra quelle che hanno a riferimento il mondo dell&#8217;artigianato.La CNA Pensionati sviluppa politiche [&hellip;]<\/p>\n","protected":false},"author":1,"featured_media":0,"parent":0,"menu_order":0,"comment_status":"closed","ping_status":"closed","template":"","meta":{"_acf_changed":false,"footnotes":""},"class_list":["post-1240","page","type-page","status-publish","hentry"],"acf":[],"_links":{"self":[{"href":"https:\/\/cnachieti.eu\/index.php?rest_route=\/wp\/v2\/pages\/1240"}],"collection":[{"href":"https:\/\/cnachieti.eu\/index.php?rest_route=\/wp\/v2\/pages"}],"about":[{"href":"https:\/\/cnachieti.eu\/index.php?rest_route=\/wp\/v2\/types\/page"}],"author":[{"embeddable":true,"href":"https:\/\/cnachieti.eu\/index.php?rest_route=\/wp\/v2\/users\/1"}],"replies":[{"embeddable":true,"href":"https:\/\/cnachieti.eu\/index.php?rest_route=%2Fwp%2Fv2%2Fcomments&post=1240"}],"version-history":[{"count":11,"href":"https:\/\/cnachieti.eu\/index.php?rest_route=\/wp\/v2\/pages\/1240\/revisions"}],"predecessor-version":[{"id":1281,"href":"https:\/\/cnachieti.eu\/index.php?rest_route=\/wp\/v2\/pages\/1240\/revisions\/1281"}],"wp:attachment":[{"href":"https:\/\/cnachieti.eu\/index.php?rest_route=%2Fwp%2Fv2%2Fmedia&parent=1240"}],"curies":[{"name":"wp","href":"https:\/\/api.w.org\/{rel}","templated":true}]}}